{"id":8,"date":"2023-10-31T15:32:51","date_gmt":"2023-10-31T15:32:51","guid":{"rendered":"https:\/\/40774736.servicio-online.net\/?page_id=8"},"modified":"2025-12-11T16:03:28","modified_gmt":"2025-12-11T14:03:28","slug":"inicio","status":"publish","type":"page","link":"https:\/\/ingridmosquera.com\/TEKINDI\/","title":{"rendered":"Inicio"},"content":{"rendered":"\n<p class=\"has-medium-font-size\">TEKINDI es un <a href=\"https:\/\/investigacion.unir.net\/grupos\/63908\/detalle\" target=\"_blank\" rel=\"noreferrer noopener\"><mark style=\"background-color:rgba(0, 0, 0, 0)\" class=\"has-inline-color has-vivid-cyan-blue-color\">grupo de investigaci\u00f3n perteneciente a la Universidad Internacional de La Rioja (UNIR)<\/mark><\/a>, vinculado a su facultad de Ciencia de la Educacion y Humanidades. Nuestras l\u00edneas de investigaci\u00f3n se centran en los campos de la educaci\u00f3n, la ling\u00fc\u00edstica y la psicolog\u00eda. A trav\u00e9s de sus convergencias, se plantean las siguientes propuestas de actuaci\u00f3n: 1) Formaci\u00f3n de profesorado y desarrollo profesional docente, con especial referencia al aprendizaje informal, y en concreto al aprendizaje informal en redes sociales; 2) Tecnolog\u00eda educativa, herramientas digitales y educaci\u00f3n online; 3) Atenci\u00f3n a la diversidad.<\/p>\n\n\n\n<p class=\"has-medium-font-size\">Con esas l\u00edneas de partida, el objetivo principal del grupo es contribuir al conocimiento y a la mejora de la formaci\u00f3n continua del profesorado entendida de manera global y pudiendo ser analizada desde puntos de vista muy diversos, complementarios entre s\u00ed y que se enriquecen unos a otros. Considerando esta perspectiva abierta, se proponen los siguientes objetivos espec\u00edficos: 1) Analizar c\u00f3mo se produce el aprendizaje informal y el desarrollo profesional docente en las redes sociales; 2) Profundizar en el empleo de la tecnolog\u00eda educativa y de las herramientas digitales en el proceso de ense\u00f1anza y aprendizaje, con especial atenci\u00f3n, aunque no exclusiva, a la educaci\u00f3n online; 3) Promover un conocimiento actualizado y con base cient\u00edfica de diferentes aspectos relacionados con la atenci\u00f3n a la diversidad y las dificultades del aprendizaje.<\/p>\n\n\n\n<p class=\"has-medium-font-size\">El grupo de investigaci\u00f3n TEKINDI est\u00e1 presente en&nbsp;<a href=\"https:\/\/x.com\/GrupoTEKINDI\" target=\"_blank\" rel=\"noreferrer noopener\"><mark style=\"background-color:rgba(0, 0, 0, 0)\" class=\"has-inline-color has-vivid-cyan-blue-color\">la red social X (Twitter)<\/mark><\/a>, en <a href=\"https:\/\/www.linkedin.com\/company\/tekindi\" target=\"_blank\" rel=\"noreferrer noopener\"><mark style=\"background-color:rgba(0, 0, 0, 0)\" class=\"has-inline-color has-vivid-cyan-blue-color\">Linkedin<\/mark><\/a> y en <a href=\"https:\/\/www.youtube.com\/@tekindi\" target=\"_blank\" rel=\"noreferrer noopener\"><mark style=\"background-color:rgba(0, 0, 0, 0)\" class=\"has-inline-color has-vivid-cyan-blue-color\">YouTube<\/mark><\/a>.<\/p>\n\n\n\n<p class=\"has-medium-font-size\">Si est\u00e1s pensando en realizar una tesis doctoral sobre una tem\u00e1tica relacionada con alguna de las l\u00edneas de investigaci\u00f3n de nuestro grupo, no dudes en contactar con TEKINDI, te informaremos de todas las opciones posibles.<\/p>\n\n\n\n<div class=\"wp-block-columns is-layout-flex wp-container-core-columns-is-layout-9d6595d7 wp-block-columns-is-layout-flex\">\n<div class=\"wp-block-column is-layout-flow wp-block-column-is-layout-flow\"><\/div>\n<\/div>\n\n\n\n<div class=\"wp-block-columns is-layout-flex wp-container-core-columns-is-layout-9d6595d7 wp-block-columns-is-layout-flex\">\n<div class=\"wp-block-column is-layout-flow wp-block-column-is-layout-flow\"><div class=\"wp-block-image\">\n<figure class=\"alignright size-full is-resized\"><a href=\"https:\/\/www.unir.net\/universidad-online\/vicerrectorados\/vicerrectorado-investigacion\/grupos-investigacion\/\" target=\"_blank\" rel=\"noreferrer noopener\"><img fetchpriority=\"high\" decoding=\"async\" width=\"564\" height=\"194\" src=\"https:\/\/ingridmosquera.com\/TEKINDI\/wp-content\/uploads\/2024\/07\/image-7.jpg\" alt=\"\" class=\"wp-image-2041\" style=\"width:312px;height:auto\" srcset=\"https:\/\/ingridmosquera.com\/TEKINDI\/wp-content\/uploads\/2024\/07\/image-7.jpg 564w, https:\/\/ingridmosquera.com\/TEKINDI\/wp-content\/uploads\/2024\/07\/image-7-300x103.jpg 300w\" sizes=\"(max-width: 564px) 100vw, 564px\" \/><\/a><\/figure>\n<\/div><\/div>\n\n\n\n<div class=\"wp-block-column is-layout-flow wp-block-column-is-layout-flow\">\n<figure class=\"wp-block-image size-full\"><a href=\"https:\/\/gruposinvestigacion.unir.net\/tekindi\/\" target=\"_blank\" rel=\"noreferrer noopener\"><img decoding=\"async\" src=\"https:\/\/ingridmosquera.com\/TEKINDI\/wp-content\/uploads\/2024\/07\/Copia-de-Copia-de-TEKINDI-1-1.png\" alt=\"\" class=\"wp-image-1971\"\/><\/a><\/figure>\n<\/div>\n<\/div>\n","protected":false},"excerpt":{"rendered":"<p>P\u00e1gina del grupo de investigaci\u00f3n TEKINDI<\/p>\n","protected":false},"author":1,"featured_media":1987,"parent":0,"menu_order":0,"comment_status":"closed","ping_status":"closed","template":"","meta":{"footnotes":""},"class_list":["post-8","page","type-page","status-publish","has-post-thumbnail","hentry"],"_links":{"self":[{"href":"https:\/\/ingridmosquera.com\/TEKINDI\/wp-json\/wp\/v2\/pages\/8","targetHints":{"allow":["GET"]}}],"collection":[{"href":"https:\/\/ingridmosquera.com\/TEKINDI\/wp-json\/wp\/v2\/pages"}],"about":[{"href":"https:\/\/ingridmosquera.com\/TEKINDI\/wp-json\/wp\/v2\/types\/page"}],"author":[{"embeddable":true,"href":"https:\/\/ingridmosquera.com\/TEKINDI\/wp-json\/wp\/v2\/users\/1"}],"replies":[{"embeddable":true,"href":"https:\/\/ingridmosquera.com\/TEKINDI\/wp-json\/wp\/v2\/comments?post=8"}],"version-history":[{"count":270,"href":"https:\/\/ingridmosquera.com\/TEKINDI\/wp-json\/wp\/v2\/pages\/8\/revisions"}],"predecessor-version":[{"id":2552,"href":"https:\/\/ingridmosquera.com\/TEKINDI\/wp-json\/wp\/v2\/pages\/8\/revisions\/2552"}],"wp:featuredmedia":[{"embeddable":true,"href":"https:\/\/ingridmosquera.com\/TEKINDI\/wp-json\/wp\/v2\/media\/1987"}],"wp:attachment":[{"href":"https:\/\/ingridmosquera.com\/TEKINDI\/wp-json\/wp\/v2\/media?parent=8"}],"curies":[{"name":"wp","href":"https:\/\/api.w.org\/{rel}","templated":true}]}}