{"id":2433,"date":"2025-09-11T20:40:17","date_gmt":"2025-09-11T18:40:17","guid":{"rendered":"https:\/\/ingridmosquera.com\/TEKINDI\/?page_id=2433"},"modified":"2026-02-18T20:33:56","modified_gmt":"2026-02-18T18:33:56","slug":"premios-y-reconocimientos","status":"publish","type":"page","link":"https:\/\/ingridmosquera.com\/TEKINDI\/premios-y-reconocimientos\/","title":{"rendered":"Premios y reconocimientos"},"content":{"rendered":"\n<p class=\"has-medium-font-size\">Primer puesto en los Premios a las mejores pr\u00e1cticas docentes 24\/25 (UNIR). Por el proyecto: \u201cEspacio de consulta para tu TFE: un proyecto para la mejora de la autonom\u00eda y la motivaci\u00f3n del alumnado desde un enfoque DUA\u201d&nbsp;&#8211; Ingrid Mosquera Gende (IP), J\u00e9nifer Salda\u00f1a Montero, Rafael \u00c1ngel Rodr\u00edguez L\u00f3pez, Miguel \u00c1ngel Ruiz Dom\u00ednguez, Marta Tour\u00f3n Porto y Diego Paniagua Mart\u00edn.<\/p>\n\n\n\n<p class=\"has-medium-font-size\">Segunda clasificada Mejor Docente de Espa\u00f1a Categor\u00eda Universidad. IX Premios Educa Abanca 2025 &#8211; Ingrid Mosquera Gende<\/p>\n\n\n\n<p class=\"has-medium-font-size\">Ganadora Mejor Docente de Espa\u00f1a Categor\u00eda Universidad. VIII Premios Educa Abanca 2024 &#8211; Ingrid Mosquera Gende<\/p>\n\n\n\n<p class=\"has-medium-font-size\">Mejor Podcast de Educaci\u00f3n en Espa\u00f1a 2025. #CharlasEducativas. Feedpost (California, EEUU) &#8211; Ingrid Mosquera Gende<\/p>\n\n\n\n<div class=\"wp-block-columns is-layout-flex wp-container-core-columns-is-layout-9d6595d7 wp-block-columns-is-layout-flex\">\n<div class=\"wp-block-column is-layout-flow wp-block-column-is-layout-flow\"><\/div>\n<\/div>\n\n\n\n<p><strong>*Se incluyen los premios y reconocimientos de los investigadores e investigadoras de la Universidad Internacional de La Rioja, no los de los miembros externos del grupo.<\/strong><\/p>\n\n\n\n<p><\/p>\n","protected":false},"excerpt":{"rendered":"<p>Primer puesto en los Premios a las mejores pr\u00e1cticas docentes 24\/25 (UNIR). Por el proyecto: \u201cEspacio de consulta para tu TFE: un proyecto para la mejora de la autonom\u00eda y &#8230;<\/p>\n","protected":false},"author":1,"featured_media":0,"parent":0,"menu_order":0,"comment_status":"closed","ping_status":"closed","template":"","meta":{"footnotes":""},"class_list":["post-2433","page","type-page","status-publish","hentry"],"_links":{"self":[{"href":"https:\/\/ingridmosquera.com\/TEKINDI\/wp-json\/wp\/v2\/pages\/2433","targetHints":{"allow":["GET"]}}],"collection":[{"href":"https:\/\/ingridmosquera.com\/TEKINDI\/wp-json\/wp\/v2\/pages"}],"about":[{"href":"https:\/\/ingridmosquera.com\/TEKINDI\/wp-json\/wp\/v2\/types\/page"}],"author":[{"embeddable":true,"href":"https:\/\/ingridmosquera.com\/TEKINDI\/wp-json\/wp\/v2\/users\/1"}],"replies":[{"embeddable":true,"href":"https:\/\/ingridmosquera.com\/TEKINDI\/wp-json\/wp\/v2\/comments?post=2433"}],"version-history":[{"count":8,"href":"https:\/\/ingridmosquera.com\/TEKINDI\/wp-json\/wp\/v2\/pages\/2433\/revisions"}],"predecessor-version":[{"id":2620,"href":"https:\/\/ingridmosquera.com\/TEKINDI\/wp-json\/wp\/v2\/pages\/2433\/revisions\/2620"}],"wp:attachment":[{"href":"https:\/\/ingridmosquera.com\/TEKINDI\/wp-json\/wp\/v2\/media?parent=2433"}],"curies":[{"name":"wp","href":"https:\/\/api.w.org\/{rel}","templated":true}]}}