{"id":1891,"date":"2024-07-07T10:55:33","date_gmt":"2024-07-07T09:55:33","guid":{"rendered":"https:\/\/charlaseducativas.com\/staging\/?page_id=1891"},"modified":"2026-03-01T16:34:30","modified_gmt":"2026-03-01T14:34:30","slug":"proyectos-del-grupo","status":"publish","type":"page","link":"https:\/\/ingridmosquera.com\/TEKINDI\/proyectos-del-grupo\/","title":{"rendered":"Proyectos del grupo"},"content":{"rendered":"\n<p class=\"has-medium-font-size\">Este grupo, de reciente creaci\u00f3n, nace con la finalidad de crecer y enriquecerse partiendo de las experiencias y de los conocimientos de sus miembros, con un car\u00e1cter marcadamente interdisciplinar. Un aspecto muy importante que se tendr\u00e1 en consideraci\u00f3n, y que se desea subrayar, es la voluntad de acompa\u00f1ar y formar a los doctorandos y doctores noveles dentro del grupo, en referencia a sus publicaciones acad\u00e9micas, acreditaciones, sexenios y divulgaci\u00f3n educativa. Igualmente, se intentar\u00e1 promover la publicaci\u00f3n conjunta en revistas indexadas de alto impacto, buscando sinergias y puntos de encuentro, as\u00ed como contribuir a la divulgaci\u00f3n educativa de esas publicaciones. A\u00f1adido a lo anterior, se participar\u00e1 en congresos y en convocatorias, tanto para posibles proyectos de investigaci\u00f3n, como para proyectos de innovaci\u00f3n educativa.<\/p>\n\n\n\n<p class=\"has-medium-font-size\">Algunos de los proyectos en los que participan compa\u00f1eros y compa\u00f1eras de TEKINDI:<\/p>\n\n\n\n<h2 class=\"wp-block-heading\">Proyectos de investigaci\u00f3n vigentes<\/h2>\n\n\n\n<p class=\"has-medium-font-size\">Proyecto propio UNIR PP-2024-19 titulado \u201cProyecto de investigaci\u00f3n interdisciplinar entre Artes Ciencias, Tecnolog\u00eda y Sociedad, basado en el Objetivo de Desarrollo Sostenible 11, \u201cCiudades y Comunidades Sostenibles\u201d de la agenda 2030 (oct 2024 \u2013 oct 2026). Investigadora TEKINDI participante: Patricia Rosell Negre.<\/p>\n\n\n\n<p class=\"has-medium-font-size\">Proyecto PID2024-155709NB-I00 financiado por MICIU\/AEl\/10.13039\/501100011033 y por FEDER, UE. Nombre: DIGETHICA. Investigador TEKINDI participante: \u00c1lvaro P\u00e9rez.<\/p>\n\n\n\n<h2 class=\"wp-block-heading\">Proyectos de innovaci\u00f3n docente vigentes<\/h2>\n\n\n\n<p class=\"has-medium-font-size\">Proyecto de Innovaci\u00f3n Docente PIDA 25\/26 titulado: \u201cEnfoque DUA y evaluaci\u00f3n formativa para la inclusi\u00f3n y la autorregulaci\u00f3n de todo el alumnado: hacia un aprendizaje personalizado\u201d. Financiado por la Universidad Internacional de La Rioja. IP: Ingrid Mosquera Gende. Docentes participantes: J\u00e9nifer Salda\u00f1a Montero, Marta Tour\u00f3n Porto, Rafael \u00c1ngel Rodr\u00edguez L\u00f3pez, Diego Paniagua Mart\u00edn, Tom\u00e1s Arruebo Mu\u00f1\u00edo y Jes\u00fas Henares Romero.<\/p>\n\n\n\n<p class=\"has-medium-font-size\">Proyecto de Innovaci\u00f3n Docente PIDA 25\/26 titulado: \u201cFormulario para mejorar la autonom\u00eda en la realizaci\u00f3n del Trabajo Final de Estudios\u201d. Financiado por la Universidad Internacional de La Rioja. IP: Patricia Rosell Negre. Docente participante: Mar\u00eda F\u00e1tima Olivares Iglesias.<\/p>\n\n\n\n<h2 class=\"wp-block-heading\">Proyectos de transferencia vigentes<\/h2>\n\n\n\n<p class=\"has-medium-font-size\">Proyecto Incentiva titulado: \u00abPlataforma digital para promocionar la autorregulaci\u00f3n y la inclusi\u00f3n del alumnado con NNEE\u00bb. Referencia B26-023-I. IP: Patricia Rosell Negre. Docentes participantes de TEKINDI: Miguel \u00c1ngel Ruiz Dom\u00ednguez, J\u00e9nifer Salda\u00f1a Montero y Rafael \u00c1ngel Rodr\u00edguez L\u00f3pez.<\/p>\n\n\n\n<h2 class=\"wp-block-heading\">Proyectos de investigaci\u00f3n finalizados<\/h2>\n\n\n\n<p class=\"has-medium-font-size\">Proyecto de I+D+i TED2021-129820B-I00 titulado: \u201cLa transici\u00f3n hacia un aprendizaje digital en la formaci\u00f3n de los docentes. An\u00e1lisis de los entornos digitales emergentes y la transferencia de aprendizaje al aula\u201d, financiado por MCIN\/ AEI\/ \u201cFEDER Una manera de hacer Europa\u201d. Investigadoras\/es: Paula Marcelo Mart\u00ednez, Jeff P. Carpenter e Ingrid Mosquera Gende (dic 2022 &#8211; jun 2025).<\/p>\n\n\n\n<p class=\"has-medium-font-size\">Proyecto de I+D+i B1_2022-42 titulado: \u201cLa realidad aumentada y el sonido binaural como recursos did\u00e1cticos para el aprendizaje\u201d. Financiado por el Plan Propio de Investigaci\u00f3n, Transferencia y Divulgaci\u00f3n Cient\u00edfica de la Universidad de M\u00e1laga. IP: Rafael \u00c1ngel Rodr\u00edguez L\u00f3pez.<\/p>\n\n\n\n<h2 class=\"wp-block-heading\">Proyectos de innovaci\u00f3n docente finalizados<\/h2>\n\n\n\n<p class=\"has-medium-font-size\">Proyecto de Innovaci\u00f3n Docente PIDA 24\/25 titulado: \u201cEspacio de consulta para tu TFE: un proyecto para la mejora de la autonom\u00eda y la motivaci\u00f3n del alumnado desde un enfoque DUA\u201d. Financiado por la Universidad Internacional de La Rioja. IP: Ingrid Mosquera Gende. Docentes participantes: J\u00e9nifer Salda\u00f1a Montero, Marta Tour\u00f3n Porto, Rafael \u00c1ngel Rodr\u00edguez L\u00f3pez, Miguel \u00c1ngel Ruiz Dom\u00ednguez y Diego Paniagua Mart\u00edn.<\/p>\n\n\n\n<p class=\"has-medium-font-size\">Proyecto de Innovaci\u00f3n Docente PIDA 23\/24 titulado: \u201cEvaluaci\u00f3n formativa en la universidad para contribuir a la autorregulaci\u00f3n y a la autonom\u00eda del alumnado\u201d. Financiado por la Universidad Internacional de La Rioja. IP: Ingrid Mosquera Gende.<\/p>\n\n\n\n<h2 class=\"wp-block-heading\">Proyectos de divulgaci\u00f3n finalizados<\/h2>\n\n\n\n<p class=\"has-medium-font-size\">Ruiz Dom\u00ednguez, M. \u00c1. (Dir.) (2025). Tecnolog\u00eda educativa: reinvenci\u00f3n de las pr\u00e1cticas ante la disrupci\u00f3n de la IA. C\u00f3digo DIV25-004, financiado por la Convocatoria de Ayudas para la Realizaci\u00f3n de Actividades de Divulgaci\u00f3n Cient\u00edfica (DIVULGA) 2024-2025 del Vicerrectorado de Transferencia de la Universidad Internacional de la Rioja. Docentes participantes: Ingrid Mosquera Gende y Paula Marcelo Mart\u00ednez.<\/p>\n\n\n\n<div class=\"wp-block-columns is-layout-flex wp-container-core-columns-is-layout-9d6595d7 wp-block-columns-is-layout-flex\">\n<div class=\"wp-block-column is-layout-flow wp-block-column-is-layout-flow\"><\/div>\n<\/div>\n\n\n\n<p><strong>*Se incluyen los proyectos en los que participan los investigadores e investigadoras de la Universidad Internacional de La Rioja, no los de los miembros externos del grupo.<\/strong><\/p>\n","protected":false},"excerpt":{"rendered":"<p>Este grupo, de reciente creaci\u00f3n, nace con la finalidad de crecer y enriquecerse partiendo de las experiencias y de los conocimientos de sus miembros, con un car\u00e1cter marcadamente interdisciplinar. Un &#8230;<\/p>\n","protected":false},"author":1,"featured_media":0,"parent":0,"menu_order":0,"comment_status":"closed","ping_status":"closed","template":"","meta":{"footnotes":""},"class_list":["post-1891","page","type-page","status-publish","hentry"],"_links":{"self":[{"href":"https:\/\/ingridmosquera.com\/TEKINDI\/wp-json\/wp\/v2\/pages\/1891","targetHints":{"allow":["GET"]}}],"collection":[{"href":"https:\/\/ingridmosquera.com\/TEKINDI\/wp-json\/wp\/v2\/pages"}],"about":[{"href":"https:\/\/ingridmosquera.com\/TEKINDI\/wp-json\/wp\/v2\/types\/page"}],"author":[{"embeddable":true,"href":"https:\/\/ingridmosquera.com\/TEKINDI\/wp-json\/wp\/v2\/users\/1"}],"replies":[{"embeddable":true,"href":"https:\/\/ingridmosquera.com\/TEKINDI\/wp-json\/wp\/v2\/comments?post=1891"}],"version-history":[{"count":26,"href":"https:\/\/ingridmosquera.com\/TEKINDI\/wp-json\/wp\/v2\/pages\/1891\/revisions"}],"predecessor-version":[{"id":2655,"href":"https:\/\/ingridmosquera.com\/TEKINDI\/wp-json\/wp\/v2\/pages\/1891\/revisions\/2655"}],"wp:attachment":[{"href":"https:\/\/ingridmosquera.com\/TEKINDI\/wp-json\/wp\/v2\/media?parent=1891"}],"curies":[{"name":"wp","href":"https:\/\/api.w.org\/{rel}","templated":true}]}}