{"id":1356,"date":"2023-12-11T11:15:52","date_gmt":"2023-12-11T11:15:52","guid":{"rendered":"https:\/\/40774736.servicio-online.net\/staging\/?page_id=1356"},"modified":"2026-03-12T22:03:35","modified_gmt":"2026-03-12T20:03:35","slug":"publicaciones-academicas","status":"publish","type":"page","link":"https:\/\/ingridmosquera.com\/TEKINDI\/publicaciones-academicas\/","title":{"rendered":"Publicaciones acad\u00e9micas"},"content":{"rendered":"\n<h2 class=\"wp-block-heading\">A\u00f1o 2026<\/h2>\n\n\n\n<p class=\"has-medium-font-size\">Ruiz Dom\u00ednguez, M. \u00c1., &amp; Maggio, M. (2026). La transformaci\u00f3n de la ense\u00f1anza universitaria: Una visi\u00f3n comparada entre Argentina y Espa\u00f1a.\u00a0<em>EDUCAR<\/em>, 1\u201321. <a href=\"https:\/\/doi.org\/10.5565\/rev\/educar.2485\"><mark style=\"background-color:rgba(0, 0, 0, 0)\" class=\"has-inline-color has-vivid-cyan-blue-color\">https:\/\/doi.org\/10.5565\/rev\/educar.2485<\/mark><\/a><\/p>\n\n\n\n<p class=\"has-medium-font-size\">Mosquera-Gende, I, (2026). How linguistic style and tone shape interaction and communication in online university forums. <em>JOTSE. Journal of Technology and Science Education, 16<\/em>(1), 109-124. <a href=\"https:\/\/doi.org\/10.3926\/jotse.4039\"><mark style=\"background-color:rgba(0, 0, 0, 0)\" class=\"has-inline-color has-vivid-cyan-blue-color\">https:\/\/doi.org\/10.3926\/jotse.4039<\/mark><\/a><\/p>\n\n\n\n<p class=\"has-medium-font-size\">Marcelo-Mart\u00ednez, P., Carpenter, J. P., &amp; Mosquera-Gende, I. (2026). When online teacher colleagues meet in person: social-emotional connections and learning at a non-traditional professional convening. <em>Professional Development in Education<\/em>, 1-19. <a href=\"https:\/\/doi.org\/10.1080\/19415257.2025.2604019\"><mark style=\"background-color:rgba(0, 0, 0, 0)\" class=\"has-inline-color has-vivid-cyan-blue-color\">https:\/\/doi.org\/10.1080\/19415257.2025.2604019<\/mark><\/a><\/p>\n\n\n\n<h2 class=\"wp-block-heading\">A\u00f1o 2025<\/h2>\n\n\n\n<p class=\"has-medium-font-size\">Ruiz Dom\u00ednguez, M. \u00c1., &amp; Ruiz Dom\u00ednguez, C. (2025). Breakouts educativos como estrategia de gamificaci\u00f3n en educaci\u00f3n superior: una revisi\u00f3n sist\u00e9mica.&nbsp;<em>Contextos Educativos. Revista De Educaci\u00f3n<\/em>, (36), 183-210. <a href=\"https:\/\/doi.org\/10.18172\/con.6537\"><mark style=\"background-color:rgba(0, 0, 0, 0)\" class=\"has-inline-color has-vivid-cyan-blue-color\">https:\/\/doi.org\/10.18172\/con.6537<\/mark><\/a><\/p>\n\n\n\n<p class=\"has-medium-font-size\">Ruiz-Dom\u00ednguez, M.A. (2025).Creaci\u00f3n de un proyecto de ense\u00f1anza h\u00edbrida con docentes en activo en una universidad online: un estudio de caso. <em>RiiTERevista interuniversitaria de investigaci\u00f3n en Tecnolog\u00eda Educativa<\/em>, <em>19<\/em>,214-227. <a href=\"https:\/\/doi.org\/10.6018\/riite.670001\"><mark style=\"background-color:rgba(0, 0, 0, 0)\" class=\"has-inline-color has-vivid-cyan-blue-color\">https:\/\/doi.org\/10.6018\/riite.670001<\/mark><\/a><\/p>\n\n\n\n<p class=\"has-medium-font-size\">Herrero-Hern\u00e1ndez A., P\u00e9rez-Garc\u00eda \u00c1. y Salda\u00f1a Montero J. (2025). Percepci\u00f3n de los estudiantes de Castilla y Le\u00f3n (Espa\u00f1a) sobre los factores extr\u00ednsecos que afectan a la transici\u00f3n de primaria a secundaria.&nbsp;<em>Revista Complutense de Educaci\u00f3n<\/em>,&nbsp;<em>36<\/em>(4), 513-523. <a href=\"https:\/\/doi.org\/10.5209\/rced.96830\"><mark style=\"background-color:rgba(0, 0, 0, 0)\" class=\"has-inline-color has-vivid-cyan-blue-color\">https:\/\/doi.org\/10.5209\/rced.96830<\/mark><\/a><\/p>\n\n\n\n<p class=\"has-medium-font-size\">Mosquera-Gende, I. (2025). Synchronous and asynchronous collaborative dynamics and strategies in an online university using digital tools. <em>IJIET. International Journal of Information and Education Technology, 15<\/em>(7), 1312-1321. <a href=\"https:\/\/doi.org\/10.18178\/ijiet.2025.15.7.2333\"><mark style=\"background-color:rgba(0, 0, 0, 0)\" class=\"has-inline-color has-vivid-cyan-blue-color\">https:\/\/doi.org\/10.18178\/ijiet.2025.15.7.2333<\/mark><\/a><\/p>\n\n\n\n<p class=\"has-medium-font-size\">Mond\u00e9jar\u202fMu\u00f1oz, L. y Rodr\u00edguez L\u00f3pez, R.\u202f\u00c1. (2025). Redes sociales y educaci\u00f3n musical: una experiencia pedag\u00f3gica en la formaci\u00f3n inicial docente. <em>Cuaderno de Pedagog\u00eda Universitaria, 22<\/em>(44), 105-114. <a href=\"https:\/\/cuaderno.pucmm.edu.do\/index.php\/cuadernodepedagogia\/article\/view\/686\"><mark style=\"background-color:rgba(0, 0, 0, 0)\" class=\"has-inline-color has-vivid-cyan-blue-color\">https:\/\/cuaderno.pucmm.edu.do\/index.php\/cuadernodepedagogia\/article\/view\/686<\/mark><\/a><\/p>\n\n\n\n<p class=\"has-medium-font-size\">Mosquera-Gende, I. y Canut Delgado, L. (2025). Percepci\u00f3n docente sobre el uso de la Inteligencia Artificial en el contexto educativo. <em>EDUCA. Revista Internacional para la Calidad Educativa, 5<\/em>(2), 1-22. <a href=\"https:\/\/doi.org\/10.55040\/86gnwm87\"><mark style=\"background-color:rgba(0, 0, 0, 0)\" class=\"has-inline-color has-vivid-cyan-blue-color\">https:\/\/doi.org\/10.55040\/86gnwm87<\/mark><\/a><\/p>\n\n\n\n<p class=\"has-medium-font-size\">Rodr\u00edguez L\u00f3pez, R. \u00c1ngel, Paniagua Mart\u00edn, D., &amp; Salda\u00f1a Montero, J. (2025). Competencia digital y autonom\u00eda del alumnado en contextos educativos online: Padlet como recurso did\u00e1ctico-interactivo.&nbsp;<em>EDUCA. Revista Internacional para la Calidad Educativa<\/em>,&nbsp;<em>5<\/em>(2), 1-18.&nbsp;<a href=\"https:\/\/doi.org\/10.55040\/2na81m81\"><mark style=\"background-color:rgba(0, 0, 0, 0)\" class=\"has-inline-color has-vivid-cyan-blue-color\">https:\/\/doi.org\/10.55040\/2na81m81<\/mark><\/a><\/p>\n\n\n\n<p class=\"has-medium-font-size\">Ruiz Dom\u00ednguez, M.A. y Maggio, M. (2025). Evaluation of hybrid live didactics in higher education: a case study. <em>REDU, Revista de Docencia Universitaria, 23<\/em>(1), 77-92. <a href=\"https:\/\/doi.org\/10.4995\/redu.2025.22702 \"><mark style=\"background-color:rgba(0, 0, 0, 0)\" class=\"has-inline-color has-vivid-cyan-blue-color\">https:\/\/doi.org\/10.4995\/redu.2025.22702 <\/mark><\/a><\/p>\n\n\n\n<p class=\"has-medium-font-size\">Rodr\u00edguez L\u00f3pez, R.\u202f\u00c1., y Mond\u00e9jar\u202fMu\u00f1oz, L. (2025). El podcasting en la formaci\u00f3n musical de docentes: Tecnolog\u00eda e innovaci\u00f3n para los ODS. En A.\u202fM.\u202fGonz\u00e1lez\u202fMart\u00edn y E.\u202fCarri\u00f3n\u202fCandel (Coords.), <em>Experiencias did\u00e1cticas: Investigaciones implementadas en el contexto universitario sobre los ODS y la Agenda 2030 <\/em>(pp. 63-77). Editorial Octaedro. <a href=\"http:\/\/doi.org\/10.36006\/09712-1\"><mark style=\"background-color:rgba(0, 0, 0, 0)\" class=\"has-inline-color has-vivid-cyan-blue-color\">http:\/\/doi.org\/10.36006\/09712-1<\/mark><\/a><\/p>\n\n\n\n<p class=\"has-medium-font-size\">Carpenter, J.P., Mosquera-Gende, I., &amp; Marcelo-Mart\u00ednez, P. (2025), Multiplatform ecosystems of professional learning: The case of the #CharlasEducativas.&nbsp;<em>NAER. Journal of New Approaches in Educational Research,<\/em>&nbsp;<em>14<\/em>(6). <a href=\"https:\/\/doi.org\/10.1007\/s44322-024-00024-7\" target=\"_blank\" rel=\"noreferrer noopener\"><mark style=\"background-color:rgba(0, 0, 0, 0)\" class=\"has-inline-color has-vivid-cyan-blue-color\">https:\/\/doi.org\/10.1007\/s44322-024-00024-7<\/mark><\/a><\/p>\n\n\n\n<p class=\"has-medium-font-size\">Mond\u00e9jar-Mu\u00f1oz, L., &amp; Rodr\u00edguez L\u00f3pez, R. \u00c1ngel. (2025). La tecnolog\u00eda musical en el \u00e1mbito curricular europeo: estudio comparativo de Espa\u00f1a, Francia, Alemania e Italia en la educaci\u00f3n primaria y secundaria. <em>UTE Teaching &amp; Technology (Universitas Tarraconensis)<\/em>, 1, e3761. <a href=\"https:\/\/doi.org\/10.17345\/ute.2025.3761\" target=\"_blank\" rel=\"noreferrer noopener\"><mark style=\"background-color:rgba(0, 0, 0, 0)\" class=\"has-inline-color has-vivid-cyan-blue-color\">https:\/\/doi.org\/10.17345\/ute.2025.3761<\/mark><\/a><\/p>\n\n\n\n<h2 class=\"wp-block-heading\">A\u00f1o 2024<\/h2>\n\n\n\n<p class=\"has-medium-font-size\">Mosquera Gende, I. (2024). ChatGPT y educaci\u00f3n: aportaciones desde Twitter. En A. Barrientos-B\u00e1ez, D. Caldevilla Dom\u00ednguez y J. Sierra S\u00e1nchez (Eds.), <em>Inteligencia artificial \u00bfamiga o enemiga?<\/em> (pp. 309-321). Peter Lang. <a href=\"https:\/\/doi.org\/10.3726\/b22553\"><mark style=\"background-color:rgba(0, 0, 0, 0)\" class=\"has-inline-color has-vivid-cyan-blue-color\">https:\/\/doi.org\/10.3726\/b22553<\/mark><\/a><mark style=\"background-color:rgba(0, 0, 0, 0)\" class=\"has-inline-color has-vivid-cyan-blue-color\"><a href=\"https:\/\/doi.org\/10.3726\/b22553\"> <\/a> <\/mark><a href=\"https:\/\/bit.ly\/3XPRgjJ\" target=\"_blank\" rel=\"noreferrer noopener\"><mark style=\"background-color:rgba(0, 0, 0, 0)\" class=\"has-inline-color has-vivid-cyan-blue-color\">https:\/\/bit.ly\/3XPRgjJ<\/mark><\/a><\/p>\n\n\n\n<p class=\"has-medium-font-size\">Rodr\u00edguez L\u00f3pez, R. A. (2024). El sonido binaural en la educaci\u00f3n musical universitaria: m\u00e1s all\u00e1 de los l\u00edmites auditivos tradicionales. <em>Etic@net. Revista cient\u00edfica electr\u00f3nica de Educaci\u00f3n y Comunicaci\u00f3n en la Sociedad del Conocimiento, 24<\/em>(2), 477-498. <a href=\"http:\/\/doi.org\/10.30827\/eticanet.v24i2.31342\" target=\"_blank\" rel=\"noreferrer noopener\"><mark style=\"background-color:rgba(0, 0, 0, 0)\" class=\"has-inline-color has-vivid-cyan-blue-color\">http:\/\/doi.org\/10.30827\/eticanet.v24i2.31342<\/mark><\/a><\/p>\n\n\n\n<p class=\"has-medium-font-size\">Rodr\u00edguez L\u00f3pez, R. \u00c1ngel. (2024). Educaci\u00f3n Musical en 3D: la integraci\u00f3n del sonido binaural y la realidad aumentada en el aula universitaria. <em>Aula de Encuentro, 26<\/em>(2), 254-273. <a href=\"https:\/\/doi.org\/10.17561\/ae.v26n2.9155\" target=\"_blank\" rel=\"noreferrer noopener\"><mark style=\"background-color:rgba(0, 0, 0, 0)\" class=\"has-inline-color has-vivid-cyan-blue-color\">https:\/\/doi.org\/10.17561\/ae.v26n2.9155<\/mark><\/a><\/p>\n\n\n\n<p class=\"has-medium-font-size\">Ruiz Dom\u00ednguez, M. A. y Maggio, M. (2024). En la b\u00fasqueda de la docencia universitaria emergente: una revisi\u00f3n sist\u00e9mica. <em>Etic@net. Revista cient\u00edfica electr\u00f3nica de Educaci\u00f3n y Comunicaci\u00f3n en la Sociedad del Conocimiento, 24<\/em>(2), 385-408. <a href=\"https:\/\/doi.org\/10.30827\/eticanet.v24i2.30566\"><mark style=\"background-color:rgba(0, 0, 0, 0)\" class=\"has-inline-color has-vivid-cyan-blue-color\">https:\/\/doi.org\/10.30827\/eticanet.v24i2.30566<\/mark><\/a><\/p>\n\n\n\n<p class=\"has-medium-font-size\">Marcelo-Martinez, P., Yot-Dom\u00ednguez, C. y Mosquera-Gende, I. (2024). Exploring the motivation for using social networks for professional development by Spanish teachers.&nbsp;<em>Information and Learning Sciences<\/em>,&nbsp;<em>125<\/em>(9), 746-768.&nbsp;<a href=\"https:\/\/doi.org\/10.1108\/ILS-12-2023-0199\" target=\"_blank\" rel=\"noreferrer noopener\"><mark style=\"background-color:rgba(0, 0, 0, 0)\" class=\"has-inline-color has-vivid-cyan-blue-color\">https:\/\/doi.org\/10.1108\/ILS-12-2023-0199<\/mark><\/a><\/p>\n\n\n\n<p class=\"has-medium-font-size\">Mosquera-Gende I. (2024). Digital competence of future English language teachers: Influence of age and gender on their self-perception.&nbsp;<em>Forum for Linguistic Studies, 6<\/em>(3), 357-373.&nbsp;<a href=\"https:\/\/doi.org\/10.30564\/fls.v6i3.6613\" target=\"_blank\" rel=\"noreferrer noopener\"><mark style=\"background-color:rgba(0, 0, 0, 0)\" class=\"has-inline-color has-vivid-cyan-blue-color\">https:\/\/doi.org\/10.30564\/fls.v6i3.6613<\/mark><\/a><\/p>\n\n\n\n<p class=\"has-medium-font-size\">Mosquera-Gende, I. (2024). Empleo de la plataforma Edpuzzle para fomentar la autonom\u00eda y la autorregulaci\u00f3n del alumnado en una universidad en l\u00ednea. <em>Etic@net. Revista cient\u00edfica electr\u00f3nica de Educaci\u00f3n y Comunicaci\u00f3n en la Sociedad del Conocimiento, 24<\/em>(2), 499-521. <a href=\"https:\/\/doi.org\/10.30827\/eticanet.v24i2.31355\" target=\"_blank\" rel=\"noreferrer noopener\"><mark style=\"background-color:rgba(0, 0, 0, 0)\" class=\"has-inline-color has-vivid-cyan-blue-color\">https:\/\/doi.org\/10.30827\/eticanet.v24i2.31355<\/mark><\/a><\/p>\n\n\n\n<p class=\"has-medium-font-size\">Mosquera-Gende, I. (2024). Los foros como elemento dinamizador para la participaci\u00f3n activa en una universidad online.&nbsp;<em>Hachetetep\u00e9. Revista cient\u00edfica en Educaci\u00f3n y Comunicaci\u00f3n<\/em>, (28), 1-21.&nbsp;<a href=\"https:\/\/doi.org\/10.25267\/Hachetetepe.2024.i28.1203\" target=\"_blank\" rel=\"noreferrer noopener\"><mark style=\"background-color:rgba(0, 0, 0, 0)\" class=\"has-inline-color has-vivid-cyan-blue-color\">https:\/\/doi.org\/10.25267\/Hachetetepe.2024.i28.1203<\/mark><\/a><\/p>\n\n\n\n<p class=\"has-medium-font-size\">Mosquera-Gende, I., Marcelo-Mart\u00ednez, P., Postigo-Fuentes, A. Y., &amp; Fern\u00e1ndez-Navas, M. (2024). The hashtag #CharlasEducativas as a teacher affinity space on Twitter. [El hashtag #CharlasEducativas como espacio de afinidad docente en Twitter].&nbsp;<em>Comunicar, 32<\/em>(78), 222-233.&nbsp;<a href=\"https:\/\/doi.org\/10.58262\/V32I78.18\" target=\"_blank\" rel=\"noreferrer noopener\"><mark style=\"background-color:rgba(0, 0, 0, 0)\" class=\"has-inline-color has-vivid-cyan-blue-color\">https:\/\/doi.org\/10.58262\/V32I78.18<\/mark><\/a><\/p>\n\n\n\n<p class=\"has-medium-font-size\">Paniagua-Mart\u00edn, D. (2024). La dislexia en la ense\u00f1anza de espa\u00f1ol como L2\/LE: aportaciones te\u00f3ricas y derivaciones pr\u00e1cticas.&nbsp;<em>Biblioteca de Babel: Revista de Filolog\u00eda Hisp\u00e1nica<\/em>, 5, 9-34.<\/p>\n\n\n\n<p class=\"has-medium-font-size\">Paniagua-Mart\u00edn, D. (In press). La ense\u00f1anza de la pronunciaci\u00f3n a estudiantes de espa\u00f1ol como lengua adicional con Trastornos de los Sonidos del Habla. En A. P\u00e9rez Bernab\u00e9u, M. M. Galindo-Merino y Z. B\u00e1rk\u00e1nyi (Ed.),&nbsp;<em>La integraci\u00f3n de la pronunciaci\u00f3n en el aula de ELE&nbsp;<\/em>(1-26). John Benjamins.<\/p>\n\n\n\n<p class=\"has-medium-font-size\">P\u00e9rez Garc\u00eda, \u00c1., Fern\u00e1ndez Garc\u00eda, L. C., &amp; Sacaluga Rodr\u00edguez, I. (2024). Gamificar en el \u00e1mbito universitario online para favorecer la motivaci\u00f3n del alumnado: una experiencia en el grado de pedagog\u00eda.&nbsp;<em>Edutec, Revista Electr\u00f3nica de Tecnolog\u00eda Educativa<\/em>, (88), 93-106.&nbsp;<a href=\"https:\/\/doi.org\/10.21556\/edutec.2024.88.3109\" target=\"_blank\" rel=\"noreferrer noopener\"><mark style=\"background-color:rgba(0, 0, 0, 0)\" class=\"has-inline-color has-vivid-cyan-blue-color\">https:\/\/doi.org\/10.21556\/edutec.2024.88.3109<\/mark><\/a><\/p>\n\n\n\n<p class=\"has-medium-font-size\">P\u00e9rez Garc\u00eda, \u00c1., Su\u00e1rez Perdomo, A., L\u00f3pez Mart\u00ednez, A., &amp; Mart\u00ednez Fern\u00e1ndez, G. (2024). Los adolescentes y la construcci\u00f3n del pensamiento cr\u00edtico para la gesti\u00f3n de los retos y las noticias falsas en las redes sociales.&nbsp;<em>Aloma: Revista de Psicologia, Ci\u00e8ncies De l\u2019Educaci\u00f3 i de l\u2019Esport<\/em>,&nbsp;<em>42<\/em>(1), 59-67.&nbsp;<a href=\"https:\/\/eur03.safelinks.protection.outlook.com\/?url=https%3A%2F%2Fdoi.org%2F10.51698%2Faloma.2024.42.1.59-67&amp;data=05|02|ingrid.mosquera%40unir.net|fefd0cadc71a4b8836bd08dc9bf3b36b|22c8b4a4d92643b2bcc787b998590b47|0|0|638556718198111990|Unknown|TWFpbGZsb3d8eyJWIjoiMC4wLjAwMDAiLCJQIjoiV2luMzIiLCJBTiI6Ik1haWwiLCJXVCI6Mn0%3D|0|||&amp;sdata=UXRempY8QQqAq0JNKbEaSs0YsCfszIGeO1oBKCremaQ%3D&amp;reserved=0\" target=\"_blank\" rel=\"noreferrer noopener\"><mark style=\"background-color:rgba(0, 0, 0, 0)\" class=\"has-inline-color has-vivid-cyan-blue-color\">https:\/\/doi.org\/10.51698\/aloma.2024.42.1.59-67<\/mark><\/a><\/p>\n\n\n\n<p class=\"has-medium-font-size\">P\u00e9rez Sancho, C., &amp; P\u00e9rez Garc\u00eda, \u00c1. (2024). Controversia en torno a la pedagog\u00eda: detractores y defensores en la literatura cient\u00edfica.&nbsp;<em>Encuentros. Revista De Ciencias Humanas, Teor\u00eda Social y Pensamiento Cr\u00edtico<\/em>,<em>&nbsp;20<\/em>&nbsp;(enero-abril), 36-43.&nbsp;<a href=\"https:\/\/doi.org\/10.5281\/zenodo.10032111\" target=\"_blank\" rel=\"noreferrer noopener\"><mark style=\"background-color:rgba(0, 0, 0, 0)\" class=\"has-inline-color has-vivid-cyan-blue-color\">https:\/\/doi.org\/10.5281\/zenodo.10032111<\/mark><\/a><\/p>\n\n\n\n<p class=\"has-medium-font-size\">Rodr\u00edguez L\u00f3pez, R. \u00c1. (2024). Realidad Aumentada (RA): una nueva dimensi\u00f3n para la Educaci\u00f3n Musical universitaria.&nbsp;<em>EDUCA. Revista Internacional para la Calidad Educativa, 4<\/em>(2), 217-238.&nbsp;<a href=\"https:\/\/doi.org\/10.55040\/educa.v4i2.121\" target=\"_blank\" rel=\"noreferrer noopener\"><mark style=\"background-color:rgba(0, 0, 0, 0)\" class=\"has-inline-color has-vivid-cyan-blue-color\">https:\/\/doi.org\/10.55040\/educa.v4i2.121<\/mark><\/a><\/p>\n\n\n\n<p class=\"has-medium-font-size\">Tour\u00f3n, M., Tour\u00f3n, J., &amp; Navarro-Asencio, E. (2024). Validaci\u00f3n espa\u00f1ola de la Escala de Detecci\u00f3n de altas capacidades, Gifted Rating Scales 2 (GRS 2-S) School Form, para profesores. [Spanish Validation of the Gifted Rating Scales (GRS 2-S) School Form].&nbsp;<em>Estudios sobre Educaci\u00f3n<\/em>, 46, 33-55.&nbsp;<a href=\"https:\/\/doi.org\/10.15581\/004.46.002\" target=\"_blank\" rel=\"noreferrer noopener\"><mark style=\"background-color:rgba(0, 0, 0, 0)\" class=\"has-inline-color has-vivid-cyan-blue-color\">https:\/\/doi.org\/10.15581\/004.46.002<\/mark><\/a><\/p>\n\n\n\n<p class=\"has-medium-font-size\">Tour\u00f3n, M., Navarro-Asencio, E., &amp; Tour\u00f3n, J. (2024). R\u00e9plica a la Cr\u00edtica del an\u00e1lisis de la validez de constructo de la Escala de Detecci\u00f3n de alumnos con Altas Capacidades para Padres (GRS 2); r\u00e9plica a Tour\u00f3n et al. (2023).&nbsp;<em>Revista De Educaci\u00f3n<\/em>,&nbsp;<em>1<\/em>(406), 29-58. <a href=\"https:\/\/doi.org\/10.4438\/1988-592X-RE-2024-406-638\" target=\"_blank\" rel=\"noreferrer noopener\"><mark style=\"background-color:rgba(0, 0, 0, 0)\" class=\"has-inline-color has-vivid-cyan-blue-color\">https:\/\/doi.org\/10.4438\/1988-592X-RE-2024-406-638<\/mark><\/a><\/p>\n\n\n\n<div class=\"wp-block-columns is-layout-flex wp-container-core-columns-is-layout-9d6595d7 wp-block-columns-is-layout-flex\">\n<div class=\"wp-block-column is-layout-flow wp-block-column-is-layout-flow\"><\/div>\n<\/div>\n\n\n\n<p><strong>*Se incluyen las publicaciones de los investigadores e investigadoras de la Universidad Internacional de La Rioja, no de los miembros externos del grupo.<\/strong><\/p>\n","protected":false},"excerpt":{"rendered":"<p>A\u00f1o 2026 Ruiz Dom\u00ednguez, M. \u00c1., &amp; Maggio, M. (2026). La transformaci\u00f3n de la ense\u00f1anza universitaria: Una visi\u00f3n comparada entre Argentina y Espa\u00f1a.\u00a0EDUCAR, 1\u201321. https:\/\/doi.org\/10.5565\/rev\/educar.2485 Mosquera-Gende, I, (2026). How linguistic &#8230;<\/p>\n","protected":false},"author":1,"featured_media":0,"parent":0,"menu_order":0,"comment_status":"closed","ping_status":"closed","template":"","meta":{"footnotes":""},"class_list":["post-1356","page","type-page","status-publish","hentry"],"_links":{"self":[{"href":"https:\/\/ingridmosquera.com\/TEKINDI\/wp-json\/wp\/v2\/pages\/1356","targetHints":{"allow":["GET"]}}],"collection":[{"href":"https:\/\/ingridmosquera.com\/TEKINDI\/wp-json\/wp\/v2\/pages"}],"about":[{"href":"https:\/\/ingridmosquera.com\/TEKINDI\/wp-json\/wp\/v2\/types\/page"}],"author":[{"embeddable":true,"href":"https:\/\/ingridmosquera.com\/TEKINDI\/wp-json\/wp\/v2\/users\/1"}],"replies":[{"embeddable":true,"href":"https:\/\/ingridmosquera.com\/TEKINDI\/wp-json\/wp\/v2\/comments?post=1356"}],"version-history":[{"count":57,"href":"https:\/\/ingridmosquera.com\/TEKINDI\/wp-json\/wp\/v2\/pages\/1356\/revisions"}],"predecessor-version":[{"id":2674,"href":"https:\/\/ingridmosquera.com\/TEKINDI\/wp-json\/wp\/v2\/pages\/1356\/revisions\/2674"}],"wp:attachment":[{"href":"https:\/\/ingridmosquera.com\/TEKINDI\/wp-json\/wp\/v2\/media?parent=1356"}],"curies":[{"name":"wp","href":"https:\/\/api.w.org\/{rel}","templated":true}]}}